{"id":6412,"date":"2022-12-23T14:11:05","date_gmt":"2022-12-23T13:11:05","guid":{"rendered":"https:\/\/hadzbe.pl\/wish-list\/"},"modified":"2025-02-03T13:06:05","modified_gmt":"2025-02-03T12:06:05","slug":"wish-list","status":"publish","type":"page","link":"https:\/\/hadzbe.pl\/en\/wish-list\/","title":{"rendered":"Wish List"},"content":{"rendered":"\t\t<div data-elementor-type=\"wp-page\" data-elementor-id=\"6412\" class=\"elementor elementor-6412 elementor-108\" data-elementor-post-type=\"page\">\n\t\t\t\t\t\t<section class=\"wd-negative-gap elementor-section elementor-top-section elementor-element elementor-element-fbc77a0 elementor-section-boxed elementor-section-height-default elementor-section-height-default\" data-id=\"fbc77a0\" data-element_type=\"section\">\n\t\t\t\t\t\t<div class=\"elementor-container elementor-column-gap-default\">\n\t\t\t\t\t<div class=\"elementor-column elementor-col-100 elementor-top-column elementor-element elementor-element-ad42175\" data-id=\"ad42175\" data-element_type=\"column\">\n\t\t\t<div class=\"elementor-widget-wrap elementor-element-populated\">\n\t\t\t\t\t\t<div class=\"elementor-element elementor-element-a47bed7 elementor-widget elementor-widget-wd_wishlist\" data-id=\"a47bed7\" data-element_type=\"widget\" data-widget_type=\"wd_wishlist.default\">\n\t\t\t\t<div class=\"elementor-widget-container\">\n\t\t\t\t\t\t\t\n\t\t\n\n\t\t\t\t<div class=\"\" >\n\t\t\t\t\t\t<div class=\"wd-wishlist-content\">\n\t\t\t\t\t\t\t\t\t\t\t\n\t\t<p class=\"wd-empty-wishlist wd-empty-page\">\n\t\t\tThis wishlist is empty.\t\t<\/p>\n\n\t\t\t\t\t<div class=\"wd-empty-page-text\">\n\t\t\t\tNie masz jeszcze \u017cadnych produkt\u00f3w na li\u015bcie \u017cycze\u0144. <br> Na stronie \"Sklep\" znajdziesz wiele ciekawych produkt\u00f3w.\t\t\t<\/div>\n\t\t\n\t\t\n\t\t\t\t\t<p class=\"return-to-shop\">\n\t\t\t\t<a class=\"button\" href=\"https:\/\/hadzbe.pl\/en\/shop\/\">\n\t\t\t\t\tReturn to shop\t\t\t\t<\/a>\n\t\t\t<\/p>\n\t\t\t\t\t\t\t\t\t\t\t<\/div>\n\t\t\t\t<\/div>\n\t\t\t\t\t\t<\/div>\n\t\t\t\t<\/div>\n\t\t\t\t\t<\/div>\n\t\t<\/div>\n\t\t\t\t\t<\/div>\n\t\t<\/section>\n\t\t\t\t<\/div>\n\t\t","protected":false},"excerpt":{"rendered":"<p>Moje konto Kokpit Zam\u00f3wienia Pliki do pobrania Adresy Szczeg\u00f3\u0142y konta Lista \u017cycze\u0144 Wyloguj Twoja lista \u017cycze\u0144 Udost\u0119pnij: Usu\u0144 Select all<\/p>\n","protected":false},"author":1,"featured_media":0,"parent":0,"menu_order":0,"comment_status":"closed","ping_status":"closed","template":"","meta":{"_acf_changed":false,"footnotes":""},"class_list":["post-6412","page","type-page","status-publish","hentry"],"acf":[],"yoast_head":"<!-- This site is optimized with the Yoast SEO plugin v26.7 - https:\/\/yoast.com\/wordpress\/plugins\/seo\/ -->\n<title>Wish List - Hadzbe<\/title>\n<meta name=\"robots\" content=\"index, follow, max-snippet:-1, max-image-preview:large, max-video-preview:-1\" \/>\n<link rel=\"canonical\" href=\"https:\/\/hadzbe.pl\/en\/wish-list\/\" \/>\n<meta property=\"og:locale\" content=\"en_US\" \/>\n<meta property=\"og:type\" content=\"article\" \/>\n<meta property=\"og:title\" content=\"Wish List - Hadzbe\" \/>\n<meta property=\"og:description\" content=\"Moje konto Kokpit Zam\u00f3wienia Pliki do pobrania Adresy Szczeg\u00f3\u0142y konta Lista \u017cycze\u0144 Wyloguj Twoja lista \u017cycze\u0144 Udost\u0119pnij: Usu\u0144 Select all\" \/>\n<meta property=\"og:url\" content=\"https:\/\/hadzbe.pl\/en\/wish-list\/\" \/>\n<meta property=\"og:site_name\" content=\"Hadzbe\" \/>\n<meta property=\"article:modified_time\" content=\"2025-02-03T12:06:05+00:00\" \/>\n<meta property=\"og:image\" content=\"https:\/\/hadzbe.pl\/wp-content\/uploads\/2022\/12\/test-ebook-300x300.jpg\" \/>\n<meta name=\"twitter:card\" content=\"summary_large_image\" \/>\n<meta name=\"twitter:label1\" content=\"Est. reading time\" \/>\n\t<meta name=\"twitter:data1\" content=\"1 minute\" \/>\n<script type=\"application\/ld+json\" class=\"yoast-schema-graph\">{\"@context\":\"https:\/\/schema.org\",\"@graph\":[{\"@type\":\"WebPage\",\"@id\":\"https:\/\/hadzbe.pl\/en\/wish-list\/\",\"url\":\"https:\/\/hadzbe.pl\/en\/wish-list\/\",\"name\":\"Wish List - Hadzbe\",\"isPartOf\":{\"@id\":\"https:\/\/hadzbe.pl\/en\/#website\"},\"primaryImageOfPage\":{\"@id\":\"https:\/\/hadzbe.pl\/en\/wish-list\/#primaryimage\"},\"image\":{\"@id\":\"https:\/\/hadzbe.pl\/en\/wish-list\/#primaryimage\"},\"thumbnailUrl\":\"https:\/\/hadzbe.pl\/wp-content\/uploads\/2022\/12\/test-ebook-300x300.jpg\",\"datePublished\":\"2022-12-23T13:11:05+00:00\",\"dateModified\":\"2025-02-03T12:06:05+00:00\",\"breadcrumb\":{\"@id\":\"https:\/\/hadzbe.pl\/en\/wish-list\/#breadcrumb\"},\"inLanguage\":\"en-US\",\"potentialAction\":[{\"@type\":\"ReadAction\",\"target\":[\"https:\/\/hadzbe.pl\/en\/wish-list\/\"]}]},{\"@type\":\"ImageObject\",\"inLanguage\":\"en-US\",\"@id\":\"https:\/\/hadzbe.pl\/en\/wish-list\/#primaryimage\",\"url\":\"https:\/\/hadzbe.pl\/wp-content\/uploads\/2022\/12\/test-ebook-300x300.jpg\",\"contentUrl\":\"https:\/\/hadzbe.pl\/wp-content\/uploads\/2022\/12\/test-ebook-300x300.jpg\"},{\"@type\":\"BreadcrumbList\",\"@id\":\"https:\/\/hadzbe.pl\/en\/wish-list\/#breadcrumb\",\"itemListElement\":[{\"@type\":\"ListItem\",\"position\":1,\"name\":\"Strona g\u0142\u00f3wna\",\"item\":\"https:\/\/hadzbe.pl\/en\/\"},{\"@type\":\"ListItem\",\"position\":2,\"name\":\"Wish List\"}]},{\"@type\":\"WebSite\",\"@id\":\"https:\/\/hadzbe.pl\/en\/#website\",\"url\":\"https:\/\/hadzbe.pl\/en\/\",\"name\":\"Hadzbe\",\"description\":\"Training plans, dunk shows, personal training\",\"potentialAction\":[{\"@type\":\"SearchAction\",\"target\":{\"@type\":\"EntryPoint\",\"urlTemplate\":\"https:\/\/hadzbe.pl\/en\/?s={search_term_string}\"},\"query-input\":{\"@type\":\"PropertyValueSpecification\",\"valueRequired\":true,\"valueName\":\"search_term_string\"}}],\"inLanguage\":\"en-US\"}]}<\/script>\n<!-- \/ Yoast SEO plugin. -->","yoast_head_json":{"title":"Wish List - Hadzbe","robots":{"index":"index","follow":"follow","max-snippet":"max-snippet:-1","max-image-preview":"max-image-preview:large","max-video-preview":"max-video-preview:-1"},"canonical":"https:\/\/hadzbe.pl\/en\/wish-list\/","og_locale":"en_US","og_type":"article","og_title":"Wish List - Hadzbe","og_description":"Moje konto Kokpit Zam\u00f3wienia Pliki do pobrania Adresy Szczeg\u00f3\u0142y konta Lista \u017cycze\u0144 Wyloguj Twoja lista \u017cycze\u0144 Udost\u0119pnij: Usu\u0144 Select all","og_url":"https:\/\/hadzbe.pl\/en\/wish-list\/","og_site_name":"Hadzbe","article_modified_time":"2025-02-03T12:06:05+00:00","og_image":[{"url":"https:\/\/hadzbe.pl\/wp-content\/uploads\/2022\/12\/test-ebook-300x300.jpg","type":"","width":"","height":""}],"twitter_card":"summary_large_image","twitter_misc":{"Est. reading time":"1 minute"},"schema":{"@context":"https:\/\/schema.org","@graph":[{"@type":"WebPage","@id":"https:\/\/hadzbe.pl\/en\/wish-list\/","url":"https:\/\/hadzbe.pl\/en\/wish-list\/","name":"Wish List - Hadzbe","isPartOf":{"@id":"https:\/\/hadzbe.pl\/en\/#website"},"primaryImageOfPage":{"@id":"https:\/\/hadzbe.pl\/en\/wish-list\/#primaryimage"},"image":{"@id":"https:\/\/hadzbe.pl\/en\/wish-list\/#primaryimage"},"thumbnailUrl":"https:\/\/hadzbe.pl\/wp-content\/uploads\/2022\/12\/test-ebook-300x300.jpg","datePublished":"2022-12-23T13:11:05+00:00","dateModified":"2025-02-03T12:06:05+00:00","breadcrumb":{"@id":"https:\/\/hadzbe.pl\/en\/wish-list\/#breadcrumb"},"inLanguage":"en-US","potentialAction":[{"@type":"ReadAction","target":["https:\/\/hadzbe.pl\/en\/wish-list\/"]}]},{"@type":"ImageObject","inLanguage":"en-US","@id":"https:\/\/hadzbe.pl\/en\/wish-list\/#primaryimage","url":"https:\/\/hadzbe.pl\/wp-content\/uploads\/2022\/12\/test-ebook-300x300.jpg","contentUrl":"https:\/\/hadzbe.pl\/wp-content\/uploads\/2022\/12\/test-ebook-300x300.jpg"},{"@type":"BreadcrumbList","@id":"https:\/\/hadzbe.pl\/en\/wish-list\/#breadcrumb","itemListElement":[{"@type":"ListItem","position":1,"name":"Strona g\u0142\u00f3wna","item":"https:\/\/hadzbe.pl\/en\/"},{"@type":"ListItem","position":2,"name":"Wish List"}]},{"@type":"WebSite","@id":"https:\/\/hadzbe.pl\/en\/#website","url":"https:\/\/hadzbe.pl\/en\/","name":"Hadzbe","description":"Training plans, dunk shows, personal training","potentialAction":[{"@type":"SearchAction","target":{"@type":"EntryPoint","urlTemplate":"https:\/\/hadzbe.pl\/en\/?s={search_term_string}"},"query-input":{"@type":"PropertyValueSpecification","valueRequired":true,"valueName":"search_term_string"}}],"inLanguage":"en-US"}]}},"_links":{"self":[{"href":"https:\/\/hadzbe.pl\/en\/wp-json\/wp\/v2\/pages\/6412","targetHints":{"allow":["GET"]}}],"collection":[{"href":"https:\/\/hadzbe.pl\/en\/wp-json\/wp\/v2\/pages"}],"about":[{"href":"https:\/\/hadzbe.pl\/en\/wp-json\/wp\/v2\/types\/page"}],"author":[{"embeddable":true,"href":"https:\/\/hadzbe.pl\/en\/wp-json\/wp\/v2\/users\/1"}],"replies":[{"embeddable":true,"href":"https:\/\/hadzbe.pl\/en\/wp-json\/wp\/v2\/comments?post=6412"}],"version-history":[{"count":2,"href":"https:\/\/hadzbe.pl\/en\/wp-json\/wp\/v2\/pages\/6412\/revisions"}],"predecessor-version":[{"id":6476,"href":"https:\/\/hadzbe.pl\/en\/wp-json\/wp\/v2\/pages\/6412\/revisions\/6476"}],"wp:attachment":[{"href":"https:\/\/hadzbe.pl\/en\/wp-json\/wp\/v2\/media?parent=6412"}],"curies":[{"name":"wp","href":"https:\/\/api.w.org\/{rel}","templated":true}]}}